{"id":295,"date":"2018-08-07T15:55:59","date_gmt":"2018-08-07T20:55:59","guid":{"rendered":"http:\/\/wpbilingual-staging.whc.ca\/?page_id=295"},"modified":"2026-02-11T19:24:56","modified_gmt":"2026-02-11T23:24:56","slug":"contact","status":"publish","type":"page","link":"https:\/\/orrougedelacote-nord.ca\/fr_ca\/contact\/","title":{"rendered":"Contact"},"content":{"rendered":"\n<h1 class=\"wp-block-heading\"><b>Contact<\/b><\/h1>\n\n\n\n<h2 class=\"wp-block-heading\">&nbsp;<strong>Nos coordonn\u00e9es<\/strong><\/h2>\n\n\n\n<p><strong>T\u00e9l\u00e9phone <\/strong>: 418-961-3517<\/p>\n\n\n\n<p><strong>courriel <\/strong>: <a href=\"mailto:info@orrougedelacote-nord.ca\">info@orrougedelacote-nord.ca<\/a><\/p>\n\n\n\n<h2 class=\"wp-block-heading\"><strong>&nbsp;Contactez-nous<\/strong><\/h2>\n\n\n\n<p>Contactez-nous pour discuter de vos besoins, demander notre gamme ou passer une commande.<\/p>\n\n\n<div class=\"wpforms-container wpforms-block wpforms-block-502e3061-0528-433b-9bd9-b5d852dbcead wpforms-render-modern\" id=\"wpforms-425\"><form id=\"wpforms-form-425\" class=\"wpforms-validate wpforms-form wpforms-ajax-form\" data-formid=\"425\" method=\"post\" enctype=\"multipart\/form-data\" action=\"\/fr_ca\/wp-json\/wp\/v2\/pages\/295\" data-token=\"291f8f48627ff368a8b20edc7a7d1808\" data-token-time=\"1776571102\"><noscript class=\"wpforms-error-noscript\">Please enable JavaScript in your browser to complete this form.<\/noscript><div id=\"wpforms-error-noscript\" style=\"display: none;\">Please enable JavaScript in your browser to complete this form.<\/div><div class=\"wpforms-field-container\"><div id=\"wpforms-425-field_1-container\" class=\"wpforms-field wpforms-field-name\" data-field-id=\"1\"><label class=\"wpforms-field-label\" for=\"wpforms-425-field_1\">Nom <span class=\"wpforms-required-label\" aria-hidden=\"true\">*<\/span><\/label><input type=\"text\" id=\"wpforms-425-field_1\" class=\"wpforms-field-large wpforms-field-required\" name=\"wpforms[fields][1]\" aria-errormessage=\"wpforms-425-field_1-error\" required><\/div><div id=\"wpforms-425-field_2-container\" class=\"wpforms-field wpforms-field-email\" data-field-id=\"2\"><label class=\"wpforms-field-label\" for=\"wpforms-425-field_2\">Courriel <span class=\"wpforms-required-label\" aria-hidden=\"true\">*<\/span><\/label><input type=\"email\" id=\"wpforms-425-field_2\" class=\"wpforms-field-large wpforms-field-required\" name=\"wpforms[fields][2]\" spellcheck=\"false\" aria-errormessage=\"wpforms-425-field_2-error\" required><\/div><div id=\"wpforms-425-field_3-container\" class=\"wpforms-field wpforms-field-text\" data-field-id=\"3\"><label class=\"wpforms-field-label\" for=\"wpforms-425-field_3\">Sujet<\/label><input type=\"text\" id=\"wpforms-425-field_3\" class=\"wpforms-field-large\" name=\"wpforms[fields][3]\" aria-errormessage=\"wpforms-425-field_3-error\" ><\/div>\t\t<div id=\"wpforms-425-field_5-container\"\n\t\t\tclass=\"wpforms-field wpforms-field-text\"\n\t\t\tdata-field-type=\"text\"\n\t\t\tdata-field-id=\"5\"\n\t\t\t>\n\t\t\t<label class=\"wpforms-field-label\" for=\"wpforms-425-field_5\" >Courriel Sujet Nom<\/label>\n\t\t\t<input type=\"text\" id=\"wpforms-425-field_5\" class=\"wpforms-field-medium\" name=\"wpforms[fields][5]\" >\n\t\t<\/div>\n\t\t<div id=\"wpforms-425-field_4-container\" class=\"wpforms-field wpforms-field-textarea\" data-field-id=\"4\"><label class=\"wpforms-field-label\" for=\"wpforms-425-field_4\">Message <span class=\"wpforms-required-label\" aria-hidden=\"true\">*<\/span><\/label><textarea id=\"wpforms-425-field_4\" class=\"wpforms-field-large wpforms-field-required\" name=\"wpforms[fields][4]\" aria-errormessage=\"wpforms-425-field_4-error\" required><\/textarea><\/div><script>\n\t\t\t\t( function() {\n\t\t\t\t\tconst style = document.createElement( 'style' );\n\t\t\t\t\tstyle.appendChild( document.createTextNode( '#wpforms-425-field_5-container { position: absolute !important; overflow: hidden !important; display: inline !important; height: 1px !important; width: 1px !important; z-index: -1000 !important; padding: 0 !important; } #wpforms-425-field_5-container input { visibility: hidden; } #wpforms-conversational-form-page #wpforms-425-field_5-container label { counter-increment: none; }' ) );\n\t\t\t\t\tdocument.head.appendChild( style );\n\t\t\t\t\tdocument.currentScript?.remove();\n\t\t\t\t} )();\n\t\t\t<\/script><\/div><!-- .wpforms-field-container --><div class=\"wpforms-submit-container\" ><input type=\"hidden\" name=\"wpforms[id]\" value=\"425\"><input type=\"hidden\" name=\"page_title\" value=\"\"><input type=\"hidden\" name=\"page_url\" value=\"https:\/\/orrougedelacote-nord.ca\/fr_ca\/wp-json\/wp\/v2\/pages\/295\"><input type=\"hidden\" name=\"url_referer\" value=\"\"><button type=\"submit\" name=\"wpforms[submit]\" id=\"wpforms-submit-425\" class=\"wpforms-submit\" data-alt-text=\"Sending...\" data-submit-text=\"Submit\" aria-live=\"assertive\" value=\"wpforms-submit\">Submit<\/button><img loading=\"lazy\" decoding=\"async\" src=\"https:\/\/orrougedelacote-nord.ca\/wp-content\/plugins\/wpforms-lite\/assets\/images\/submit-spin.svg\" class=\"wpforms-submit-spinner\" style=\"display: none;\" width=\"26\" height=\"26\" alt=\"Loading\"><\/div><\/form><\/div>  <!-- .wpforms-container -->\n\n\n<p>L&rsquo;Or Rouge de la C\u00f4te-Nord inc.<br>35 de la rue Baie d&rsquo;Ungava, Moisie, QC, G0G 2B0<br>Ouvert tous les jours de 9 h \u00e0 18 h.<\/p>\n\n\n\n<iframe src=\"https:\/\/www.google.com\/maps\/embed?pb=!1m18!1m12!1m3!1d2553.8450393724274!2d-66.38570462289859!3d50.20142740526205!2m3!1f0!2f0!3f0!3m2!1i1024!2i768!4f13.1!3m3!1m2!1s0x4c91de4155884e71%3A0x7d485186f4539a6f!2s295%20Av.%20Arnaud%2C%20Sept-%C3%8Eles%2C%20QC%20G4R%203A8%2C%20Canada!5e0!3m2!1sfr!2sus!4v1770820069916!5m2!1sfr!2sus\" width=\"600\" height=\"450\" style=\"border:0;\" allowfullscreen=\"\" loading=\"lazy\" referrerpolicy=\"no-referrer-when-downgrade\"><\/iframe>\n","protected":false},"excerpt":{"rendered":"<p>Contact &nbsp;Nos coordonn\u00e9es T\u00e9l\u00e9phone : 418-961-3517 courriel : info@orrougedelacote-nord.ca &nbsp;Contactez-nous Contactez-nous pour discuter de vos besoins, demander notre gamme ou passer une commande. L&rsquo;Or Rouge de la C\u00f4te-Nord inc.35 de [&hellip;]<\/p>\n","protected":false},"author":1,"featured_media":0,"parent":0,"menu_order":0,"comment_status":"closed","ping_status":"closed","template":"","meta":{"om_disable_all_campaigns":false,"_monsterinsights_skip_tracking":false,"_monsterinsights_sitenote_active":false,"_monsterinsights_sitenote_note":"","_monsterinsights_sitenote_category":0,"_EventAllDay":false,"_EventTimezone":"","_EventStartDate":"","_EventEndDate":"","_EventStartDateUTC":"","_EventEndDateUTC":"","_EventShowMap":false,"_EventShowMapLink":false,"_EventURL":"","_EventCost":"","_EventCostDescription":"","_EventCurrencySymbol":"","_EventCurrencyCode":"","_EventCurrencyPosition":"","_EventDateTimeSeparator":"","_EventTimeRangeSeparator":"","_EventOrganizerID":[],"_EventVenueID":[],"_OrganizerEmail":"","_OrganizerPhone":"","_OrganizerWebsite":"","_VenueAddress":"","_VenueCity":"","_VenueCountry":"","_VenueProvince":"","_VenueState":"","_VenueZip":"","_VenuePhone":"","_VenueURL":"","_VenueStateProvince":"","_VenueLat":"","_VenueLng":"","_VenueShowMap":false,"_VenueShowMapLink":false,"footnotes":""},"class_list":["post-295","page","type-page","status-publish","hentry"],"aioseo_notices":[],"_links":{"self":[{"href":"https:\/\/orrougedelacote-nord.ca\/fr_ca\/wp-json\/wp\/v2\/pages\/295","targetHints":{"allow":["GET"]}}],"collection":[{"href":"https:\/\/orrougedelacote-nord.ca\/fr_ca\/wp-json\/wp\/v2\/pages"}],"about":[{"href":"https:\/\/orrougedelacote-nord.ca\/fr_ca\/wp-json\/wp\/v2\/types\/page"}],"author":[{"embeddable":true,"href":"https:\/\/orrougedelacote-nord.ca\/fr_ca\/wp-json\/wp\/v2\/users\/1"}],"replies":[{"embeddable":true,"href":"https:\/\/orrougedelacote-nord.ca\/fr_ca\/wp-json\/wp\/v2\/comments?post=295"}],"version-history":[{"count":8,"href":"https:\/\/orrougedelacote-nord.ca\/fr_ca\/wp-json\/wp\/v2\/pages\/295\/revisions"}],"predecessor-version":[{"id":564,"href":"https:\/\/orrougedelacote-nord.ca\/fr_ca\/wp-json\/wp\/v2\/pages\/295\/revisions\/564"}],"wp:attachment":[{"href":"https:\/\/orrougedelacote-nord.ca\/fr_ca\/wp-json\/wp\/v2\/media?parent=295"}],"curies":[{"name":"wp","href":"https:\/\/api.w.org\/{rel}","templated":true}]}}