{"id":431,"date":"2026-02-10T17:01:12","date_gmt":"2026-02-10T21:01:12","guid":{"rendered":"https:\/\/wp275812.wpdns.ca\/faq\/"},"modified":"2026-02-16T10:05:06","modified_gmt":"2026-02-16T14:05:06","slug":"faq","status":"publish","type":"page","link":"https:\/\/orrougedelacote-nord.ca\/fr_ca\/faq\/","title":{"rendered":"FAQ"},"content":{"rendered":"\n<div class=\"wp-block-group alignfull is-style-ext-preset--group--natural-1--section has-background-background-color has-background has-global-padding is-layout-constrained wp-container-core-group-is-layout-e955bbaf wp-block-group-is-layout-constrained\" id=\"faq\" style=\"margin-top:0;margin-bottom:0;padding-top:var(--wp--preset--spacing--70);padding-bottom:var(--wp--preset--spacing--70)\">\n<div class=\"wp-block-group alignwide is-vertical is-content-justification-center is-layout-flex wp-container-core-group-is-layout-c9ee0c5a wp-block-group-is-layout-flex\">\n<div class=\"wp-block-group has-global-padding is-layout-constrained wp-container-core-group-is-layout-2287c683 wp-block-group-is-layout-constrained\">\n<h1 class=\"wp-block-heading has-text-align-center\">Produits de la mer exclusifs de la C\u00f4te-Nord<\/h1>\n\n\n\n<p class=\"has-text-align-center\">Trouvez ici les r\u00e9ponses \u00e0 vos questions sur nos poissons et fruits de mer.<\/p>\n<\/div>\n<\/div>\n\n\n\n<div class=\"wp-block-group alignwide has-global-padding is-content-justification-center is-layout-constrained wp-container-core-group-is-layout-8f997a6a wp-block-group-is-layout-constrained\">\n<div class=\"wp-block-group is-style-ext-preset--group--natural-1--item-card-1--align-start is-layout-flow wp-block-group-is-layout-flow is-style-ext-preset--group--natural-1--item-card-1--align-start--2\">\n<div class=\"wp-block-group is-style-default is-layout-flow wp-block-group-is-layout-flow\">\n<h2 class=\"wp-block-heading\">Quand sera disponible le homard cru d\u00e9cortiqu\u00e9 et surgel\u00e9 ?<\/h2>\n\n\n\n<p>Notre offre de chair de homard sera lanc\u00e9 \u00e0 l&rsquo;\u00e9t\u00e9 2026, pr\u00eate \u00e0 r\u00e9volutionner vos plats.<\/p>\n<\/div>\n<\/div>\n\n\n\n<hr class=\"wp-block-separator has-alpha-channel-opacity\"\/>\n\n\n\n<div class=\"wp-block-group is-style-ext-preset--group--natural-1--item-card-1--align-start is-layout-flow wp-block-group-is-layout-flow is-style-ext-preset--group--natural-1--item-card-1--align-start--3\">\n<div class=\"wp-block-group is-style-default is-layout-flow wp-block-group-is-layout-flow\">\n<h2 class=\"wp-block-heading\">Quelle est la zone de livraison pour nos produits ?<\/h2>\n\n\n\n<p>Nous livrons entre Sept-\u00celes et Montr\u00e9al pour garantir fra\u00eecheur et qualit\u00e9.<\/p>\n<\/div>\n<\/div>\n\n\n\n<hr class=\"wp-block-separator has-alpha-channel-opacity\"\/>\n\n\n\n<div class=\"wp-block-group is-style-ext-preset--group--natural-1--item-card-1--align-start is-layout-flow wp-block-group-is-layout-flow is-style-ext-preset--group--natural-1--item-card-1--align-start--4\">\n<div class=\"wp-block-group is-style-default is-layout-flow wp-block-group-is-layout-flow\">\n<h2 class=\"wp-block-heading\">Quels types de produits de la mer proposez-vous ?<\/h2>\n\n\n\n<p>Nous offrons une s\u00e9lection vari\u00e9e de poissons et fruits de mer de la C\u00f4te-Nord.<\/p>\n<\/div>\n<\/div>\n\n\n\n<div class=\"wp-block-group is-style-ext-preset--group--natural-1--item-card-1--align-start is-layout-flow wp-block-group-is-layout-flow is-style-ext-preset--group--natural-1--item-card-1--align-start--5\">\n<div class=\"wp-block-group is-style-default is-layout-flow wp-block-group-is-layout-flow\">\n<hr class=\"wp-block-separator has-alpha-channel-opacity\"\/>\n\n\n\n<h2 class=\"wp-block-heading\">Qu&rsquo;est-ce que le HPP ?<\/h2>\n\n\n\n<p>Le traitement par haute pression&nbsp;(HPP) du homard est un proc\u00e9d\u00e9 \u00e0 froid  soumettant le crustac\u00e9 \u00e0 une forte pression. La pasteurisation \u00e0 froid soumet le homard entier \u00e0 des hautes pressions (6 000 bars). La pression d\u00e9tache la chair de la carapace sans cuisson, sans chaleur et sans additif. La chair sort crue, enti\u00e8re et intacte, avec la texture et le go\u00fbt du homard fra\u00eechement p\u00each\u00e9. Tous les \u00e9l\u00e9ments nutritifs, compos\u00e9s bioactifs et antioxydants sont pr\u00e9serv\u00e9s.<\/p>\n\n\n\n<figure class=\"wp-block-embed aligncenter is-type-video is-provider-youtube wp-block-embed-youtube wp-embed-aspect-16-9 wp-has-aspect-ratio\"><div class=\"wp-block-embed__wrapper\">\n<iframe loading=\"lazy\" title=\"CICLO HPP + SHUCKING FR\" width=\"500\" height=\"281\" src=\"https:\/\/www.youtube.com\/embed\/dYgKS4xifdk?feature=oembed\" frameborder=\"0\" allow=\"accelerometer; autoplay; clipboard-write; encrypted-media; gyroscope; picture-in-picture; web-share\" referrerpolicy=\"strict-origin-when-cross-origin\" allowfullscreen><\/iframe>\n<\/div><\/figure>\n\n\n\n<hr class=\"wp-block-separator has-alpha-channel-opacity\"\/>\n\n\n\n<h2 class=\"wp-block-heading\">Quelles coupes de homard seront disponibles?<\/h2>\n\n\n\n<p>La technologie permet de r\u00e9cup\u00e9rer la totalit\u00e9 de la chair : queues, pinces, pattes, jointures ;  la pasteurisation \u00e0 froid permet de tout r\u00e9cup\u00e9rer, sans gaspillage.<\/p>\n\n\n\n<hr class=\"wp-block-separator has-alpha-channel-opacity\"\/>\n\n\n\n<h2 class=\"wp-block-heading\">En quoi ce produit est-il diff\u00e9rent du homard cuit traditionnel?<\/h2>\n\n\n\n<p>Le homard est cru et d\u00e9cortiqu\u00e9. Le chef choisit sa propre cuisson. La chair conserve sa couleur, sa texture et son apparence comme au sortir de la coquille. Emball\u00e9 sous vide et surgel\u00e9, il est disponible hors saison \u2014 du homard cru m\u00eame en d\u00e9cembre.<\/p>\n\n\n\n<hr class=\"wp-block-separator has-alpha-channel-opacity\"\/>\n\n\n\n<h2 class=\"wp-block-heading\">Quand sera-t-il disponible?<\/h2>\n\n\n\n<p>Le lancement est pr\u00e9vu prochainement. Contactez-nous pour \u00eatre inform\u00e9 d\u00e8s que le produit sera disponible.<\/p>\n\n\n\n<hr class=\"wp-block-separator has-alpha-channel-opacity\"\/>\n\n\n\n<h2 class=\"wp-block-heading\">L&rsquo;Or Rouge de la C\u00f4te-Nord a-t-elle re\u00e7u des reconnaissances?<\/h2>\n\n\n\n<p>Oui. Le projet a re\u00e7u le Prix DUX 2024 \u2014 Coup de c\u0153ur Innovation, d\u00e9cern\u00e9 par l&rsquo;industrie bioalimentaire qu\u00e9b\u00e9cois.<\/p>\n\n\n\n<hr class=\"wp-block-separator has-alpha-channel-opacity\"\/>\n\n\n\n<h2 class=\"wp-block-heading\">La machine HPP peut-elle servir \u00e0 d&rsquo;autres produits que le homard?<\/h2>\n\n\n\n<p>Absolument. La pasteurisation \u00e0 froid par haute pression (HPP) est une technologie polyvalente qui s&rsquo;applique \u00e0 une grande vari\u00e9t\u00e9 de produits transform\u00e9s, frais ou surgel\u00e9s. Parmi les applications les plus courantes :<\/p>\n\n\n\n<ul class=\"wp-block-list\">\n<li>Soupes et sauces (bisques, fumets, sauces aux fruits de mer)<\/li>\n\n\n\n<li>Jus et smoothies de fruits et l\u00e9gumes (comme les petits fruits nordiques)<\/li>\n\n\n\n<li>Charcuteries et viandes froides<\/li>\n\n\n\n<li>Plats pr\u00eats-\u00e0-manger r\u00e9frig\u00e9r\u00e9s<\/li>\n\n\n\n<li>Pur\u00e9es de fruits et aliments pour b\u00e9b\u00e9<\/li>\n\n\n\n<li>Salades pr\u00e9par\u00e9es contenant des ingr\u00e9dients sensibles (mayonnaise, produits laitiers)<\/li>\n<\/ul>\n\n\n\n<p>Le proc\u00e9d\u00e9 \u00e9limine les pathog\u00e8nes et prolonge la dur\u00e9e de conservation, sans chaleur, sans additif et sans alt\u00e9rer le go\u00fbt ni la valeur nutritive.<\/p>\n\n\n\n<p>C&rsquo;est pourquoi L&rsquo;Or Rouge de la C\u00f4te-Nord offrira un service de pasteurisation HPP mutualis\u00e9, accessible \u00e0 tous les producteurs et transformateurs du territoire. Une fa\u00e7on de rendre cette technologie de pointe disponible localement, au b\u00e9n\u00e9fice de l&rsquo;ensemble de l&rsquo;industrie agroalimentaire de la C\u00f4te-Nord.<\/p>\n\n\n\n<hr class=\"wp-block-separator has-alpha-channel-opacity\"\/>\n<\/div>\n<\/div>\n<\/div>\n<\/div>\n","protected":false},"excerpt":{"rendered":"<p>Produits de la mer exclusifs de la C\u00f4te-Nord Trouvez ici les r\u00e9ponses \u00e0 vos questions sur nos poissons et fruits de mer. Quand sera disponible le homard cru d\u00e9cortiqu\u00e9 et [&hellip;]<\/p>\n","protected":false},"author":1,"featured_media":0,"parent":0,"menu_order":0,"comment_status":"closed","ping_status":"closed","template":"page-with-title","meta":{"om_disable_all_campaigns":false,"_monsterinsights_skip_tracking":false,"_monsterinsights_sitenote_active":false,"_monsterinsights_sitenote_note":"","_monsterinsights_sitenote_category":0,"_EventAllDay":false,"_EventTimezone":"","_EventStartDate":"","_EventEndDate":"","_EventStartDateUTC":"","_EventEndDateUTC":"","_EventShowMap":false,"_EventShowMapLink":false,"_EventURL":"","_EventCost":"","_EventCostDescription":"","_EventCurrencySymbol":"","_EventCurrencyCode":"","_EventCurrencyPosition":"","_EventDateTimeSeparator":"","_EventTimeRangeSeparator":"","_EventOrganizerID":[],"_EventVenueID":[],"_OrganizerEmail":"","_OrganizerPhone":"","_OrganizerWebsite":"","_VenueAddress":"","_VenueCity":"","_VenueCountry":"","_VenueProvince":"","_VenueState":"","_VenueZip":"","_VenuePhone":"","_VenueURL":"","_VenueStateProvince":"","_VenueLat":"","_VenueLng":"","_VenueShowMap":false,"_VenueShowMapLink":false,"footnotes":""},"class_list":["post-431","page","type-page","status-publish","hentry"],"aioseo_notices":[],"_links":{"self":[{"href":"https:\/\/orrougedelacote-nord.ca\/fr_ca\/wp-json\/wp\/v2\/pages\/431","targetHints":{"allow":["GET"]}}],"collection":[{"href":"https:\/\/orrougedelacote-nord.ca\/fr_ca\/wp-json\/wp\/v2\/pages"}],"about":[{"href":"https:\/\/orrougedelacote-nord.ca\/fr_ca\/wp-json\/wp\/v2\/types\/page"}],"author":[{"embeddable":true,"href":"https:\/\/orrougedelacote-nord.ca\/fr_ca\/wp-json\/wp\/v2\/users\/1"}],"replies":[{"embeddable":true,"href":"https:\/\/orrougedelacote-nord.ca\/fr_ca\/wp-json\/wp\/v2\/comments?post=431"}],"version-history":[{"count":8,"href":"https:\/\/orrougedelacote-nord.ca\/fr_ca\/wp-json\/wp\/v2\/pages\/431\/revisions"}],"predecessor-version":[{"id":581,"href":"https:\/\/orrougedelacote-nord.ca\/fr_ca\/wp-json\/wp\/v2\/pages\/431\/revisions\/581"}],"wp:attachment":[{"href":"https:\/\/orrougedelacote-nord.ca\/fr_ca\/wp-json\/wp\/v2\/media?parent=431"}],"curies":[{"name":"wp","href":"https:\/\/api.w.org\/{rel}","templated":true}]}}